{"id":362,"date":"2012-10-01T11:08:18","date_gmt":"2012-10-01T10:08:18","guid":{"rendered":"http:\/\/www.artloevethierry.fr\/info"},"modified":"2025-05-04T19:40:38","modified_gmt":"2025-05-04T18:40:38","slug":"presentation","status":"publish","type":"page","link":"https:\/\/artloevethierry.fr\/info\/presentation","title":{"rendered":"Pr\u00e9sentation"},"content":{"rendered":"<p style=\"text-align: left;\"><a href=\"https:\/\/www.artloevethierry.fr\/info\/wp-content\/uploads\/2012\/10\/atelier.jpg\"><img loading=\"lazy\" decoding=\"async\" class=\"aligncenter size-large wp-image-431\" title=\"atelier\" src=\"https:\/\/www.artloevethierry.fr\/info\/wp-content\/uploads\/2012\/10\/atelier-800x584.jpg\" alt=\"Atelier de thierry Lo\u00e8ve\" width=\"640\" height=\"467\" srcset=\"https:\/\/artloevethierry.fr\/info\/wp-content\/uploads\/2012\/10\/atelier-800x584.jpg 800w, https:\/\/artloevethierry.fr\/info\/wp-content\/uploads\/2012\/10\/atelier-188x137.jpg 188w\" sizes=\"auto, (max-width: 640px) 100vw, 640px\" \/><\/a><\/p>\n<p style=\"text-align: left;\">\u00a0 La richesse de mon parcours est une biblioth\u00e8que dans laquelle je puise mon inspiration. Plus de trente pays travers\u00e9s sur les 5 continents durant 15 ans de th\u00e9\u00e2tre de rue avec la compagnie phare \u00ab\u00a0Royal de Luxe\u00a0\u00bb (1978-1992). Avec le m\u00e9tier d&rsquo;acteur comme fil conducteur, j&rsquo;ai exerc\u00e9 \u00e0 peu pr\u00e8s tous ceux\u00a0 li\u00e9s au spectacle vivant, que ce soit dans cette compagnie ou dans d&rsquo;autres plus tard.<\/p>\n<p style=\"text-align: left;\">\u00a0Technicien, d\u00e9corateur , cr\u00e9ateur de costumes et accessoires, entre autres, ma rencontre avec l&rsquo;univers de la cr\u00e9ation de d\u00e9cors pour le th\u00e9\u00e2tre de salle ( Ateliers Prosc\u00e9nium , Rennes ) fut un tournant apr\u00e8s mon d\u00e9part de la compagnie.\u00a0 Approfondir mes connaissances techniques pour pouvoir cr\u00e9er avec encore plus de facilit\u00e9 devient une n\u00e9cessit\u00e9. De retour \u00e0 36 ans sur les bancs de l&rsquo;\u00e9cole, je passe un dipl\u00f4me m\u00e9tallerie -serrurerie, option forge. Cette formation sera suivie de deux modules compl\u00e9mentaires en charpente m\u00e9tallique et mobilier.<\/p>\n<p style=\"text-align: left;\">J&rsquo;int\u00e8gre le monde de l&rsquo;entreprise afin d&rsquo;explorer les diff\u00e9rentes possibilit\u00e9s offertes par cette mati\u00e8re et apprendre par quels proc\u00e9d\u00e9s elle peut \u00eatre mis en \u0153uvre .<\/p>\n<p style=\"text-align: left;\">De l&rsquo;assemblage de camion citerne , mon premier contrat,\u00a0 \u00e0 mon int\u00e9gration dans une \u00e9quipe d&rsquo;installation d&rsquo;agencements de paquebots de luxe (Saint-Nazaire), mon dernier contrat avant mon installation, ce furent 7 ann\u00e9es riches d&rsquo;exp\u00e9riences, durant lesquelles,\u00a0 parall\u00e8lement \u00e0 mon travail, j&rsquo;exp\u00e9rimente mon savoir-faire dans des recherches personnelles sur le mobilier et le luminaire.<\/p>\n<p style=\"text-align: left;\">C&rsquo;est en d\u00e9couvrant ce travail\u00a0 qu&rsquo; un\u00a0 ami\u00a0 fait appel \u00e0 moi en 2003\u00a0 pour agencer et d\u00e9corer son nouveau magasin, une librairie de bandes dessin\u00e9es de 300m2 en plein c\u0153ur de Nantes ( Story BD). D\u00e9cors de la fa\u00e7ade et des vitrines, mobilier des vitrines , d\u00e9cor et agencement de l&rsquo;espace caf\u00e9\/d\u00e9dicace avec la cr\u00e9ation de mobiliers (comptoir, tables basses, banquettes, etc.),\u00a0 \u00e9tude lumineuse et cr\u00e9ation des luminaires de l&rsquo;ensemble du magasin, d\u00e9cor de l&rsquo;espace lecture,\u00a0 protections de fen\u00eatres, etc . Tout y\u00a0 a \u00e9t\u00e9 con\u00e7u et r\u00e9alis\u00e9 en fonction de diff\u00e9rents th\u00e8mes de la bande dessin\u00e9e: science fiction, steampunk, policier, etc.<\/p>\n<p style=\"text-align: left;\">Fort de cette r\u00e9ussite, je pr\u00e9sente mon univers pour la premi\u00e8re fois au salon des m\u00e9tiers d&rsquo;art de la Cit\u00e9 des Congr\u00e8s \u00e0 Nantes . J&rsquo;y\u00a0 re\u00e7ois le prix \u00ab\u00a0Coup de C\u0153ur \u00ab\u00a0des Ateliers d&rsquo;Art de France.<\/p>\n<p style=\"text-align: left;\">Se mettre au travail en nom propre, cr\u00e9er son entreprise, afin de proposer ses services et son univers dans des r\u00e9alisations o\u00f9 l&rsquo;imaginaire se met au service du fonctionnel, devient alors une \u00e9vidence.<\/p>\n<p style=\"text-align: left;\">Depuis la cr\u00e9ation de Thierry Lo\u00e8ve &#8211; Ferronnerie contemporaine en 2004, chaque rencontre avec un client est l&rsquo;occasion de me surpasser. Chaque projet fait l&rsquo;objet d&rsquo;une \u00e9tude pouss\u00e9e afin de pouvoir proposer des ouvrages hors standards , ayant leur univers propre, original, \u00e9motionnel.<\/p>\n<p style=\"text-align: left;\">Je suis est \u00e9galement:<\/p>\n<p>Ma\u00eetre Artisan en m\u00e9tiers d&rsquo;art<\/p>\n<p style=\"text-align: left;\">Jury Ferronnerie d&rsquo;art<\/p>\n<p style=\"text-align: left;\">Mod\u00e9rateur du forum internet \u00a0\u00bb M\u00e9tal-connexion\u00a0\u00bb, forum d&rsquo;\u00e9changes des savoir faire des m\u00e9tiers des m\u00e9taux.(2008-2012)<\/p>\n<p style=\"text-align: left;\">Formateur pour la m\u00e9tallerie, la ferronnerie d&rsquo;art et le spectacle vivant.<\/p>\n<p>Siret n\u00b0 45265256300019<\/p>\n<p><span style=\"border-radius: 2px; text-indent: 20px; width: auto; padding: 0px 4px 0px 0px; text-align: center; font: bold 11px\/20px 'Helvetica Neue',Helvetica,sans-serif; color: #ffffff; background: #bd081c no-repeat scroll 3px 50% \/ 14px 14px; position: absolute; opacity: 1; z-index: 8675309; display: none; cursor: pointer; top: 36px; left: 20px;\">Enregistrer<\/span><\/p>\n","protected":false},"excerpt":{"rendered":"<p>\u00a0 La richesse de mon parcours est une biblioth\u00e8que dans laquelle je puise mon inspiration. Plus de trente pays travers\u00e9s sur les 5 continents durant 15 ans de th\u00e9\u00e2tre de rue avec la compagnie phare \u00ab\u00a0Royal de Luxe\u00a0\u00bb (1978-1992). Avec &hellip; <a href=\"https:\/\/artloevethierry.fr\/info\/presentation\">Continuer la lecture <span class=\"meta-nav\">&rarr;<\/span><\/a><\/p>\n","protected":false},"author":2,"featured_media":0,"parent":0,"menu_order":1,"comment_status":"open","ping_status":"closed","template":"","meta":{"footnotes":""},"class_list":["post-362","page","type-page","status-publish","hentry"],"_links":{"self":[{"href":"https:\/\/artloevethierry.fr\/info\/wp-json\/wp\/v2\/pages\/362","targetHints":{"allow":["GET"]}}],"collection":[{"href":"https:\/\/artloevethierry.fr\/info\/wp-json\/wp\/v2\/pages"}],"about":[{"href":"https:\/\/artloevethierry.fr\/info\/wp-json\/wp\/v2\/types\/page"}],"author":[{"embeddable":true,"href":"https:\/\/artloevethierry.fr\/info\/wp-json\/wp\/v2\/users\/2"}],"replies":[{"embeddable":true,"href":"https:\/\/artloevethierry.fr\/info\/wp-json\/wp\/v2\/comments?post=362"}],"version-history":[{"count":36,"href":"https:\/\/artloevethierry.fr\/info\/wp-json\/wp\/v2\/pages\/362\/revisions"}],"predecessor-version":[{"id":294308,"href":"https:\/\/artloevethierry.fr\/info\/wp-json\/wp\/v2\/pages\/362\/revisions\/294308"}],"wp:attachment":[{"href":"https:\/\/artloevethierry.fr\/info\/wp-json\/wp\/v2\/media?parent=362"}],"curies":[{"name":"wp","href":"https:\/\/api.w.org\/{rel}","templated":true}]}}