{"id":435,"date":"2012-11-11T16:47:39","date_gmt":"2012-11-11T15:47:39","guid":{"rendered":"http:\/\/www.artloevethierry.fr\/info"},"modified":"2019-12-06T12:05:16","modified_gmt":"2019-12-06T11:05:16","slug":"latelier-et-le-travail-du-metal","status":"publish","type":"page","link":"https:\/\/artloevethierry.fr\/info\/latelier-et-le-travail-du-metal","title":{"rendered":"L&rsquo;atelier et le travail du m\u00e9tal"},"content":{"rendered":"<h2 style=\"text-align: center;\">L&rsquo;atelier<\/h2>\n<p>La premi\u00e8re chose qui frappe lorsque l&rsquo;on entre dans un atelier de forge, c&rsquo;est <strong>l&rsquo;obscurit\u00e9 <\/strong>qui y r\u00e8gne. Cela n&rsquo;est pas du au hasard. L&rsquo;explication en est simple : pour travailler la mati\u00e8re le forgeron se fie aux<strong> couleurs <\/strong>donn\u00e9es au m\u00e9tal par <strong>la chauffe<\/strong>. Et, pour pouvoir les appr\u00e9cier au mieux, rien de tel que l&rsquo;obscurit\u00e9.<\/p>\n<h3 style=\"text-align: center;\">La forge<\/h3>\n<div id=\"attachment_444\" style=\"width: 410px\" class=\"wp-caption aligncenter\"><a href=\"https:\/\/www.artloevethierry.fr\/info\/wp-content\/uploads\/2012\/11\/forge.jpg\"><img loading=\"lazy\" decoding=\"async\" aria-describedby=\"caption-attachment-444\" class=\"size-large wp-image-444\" title=\"Forge\" src=\"https:\/\/www.artloevethierry.fr\/info\/wp-content\/uploads\/2012\/11\/forge-400x600.jpg\" alt=\"Forge de Thierry Lo\u00e8ve\" width=\"400\" height=\"600\" srcset=\"https:\/\/artloevethierry.fr\/info\/wp-content\/uploads\/2012\/11\/forge-400x600.jpg 400w, https:\/\/artloevethierry.fr\/info\/wp-content\/uploads\/2012\/11\/forge-125x188.jpg 125w, https:\/\/artloevethierry.fr\/info\/wp-content\/uploads\/2012\/11\/forge.jpg 567w\" sizes=\"auto, (max-width: 400px) 100vw, 400px\" \/><\/a><p id=\"caption-attachment-444\" class=\"wp-caption-text\">Forge<\/p><\/div>\n<p><strong>La premi\u00e8re chose<\/strong> que doit poss\u00e9der le forgeron est <strong>la maitrise du vent<\/strong>.\u00a0 Celui-ci doit pouvoir \u00eatre <strong>r\u00e9gul\u00e9<\/strong> selon le travail \u00e0 effectuer, le type et l&rsquo;\u00e9paisseur du m\u00e9tal. Deux options sont possibles pour obtenir un vent r\u00e9gulier:<\/p>\n<p><strong> Manuel<\/strong> : soufflets traditionnels en cuir, soufflets bicylindres, ventilateur manuel.<\/p>\n<p><strong>\u00c9lectrique<\/strong>: Ventilateur \u00e9lectrique avec variateur.<\/p>\n<p><strong>Pour le charbon<\/strong> deux \u00e9coles : le charbon fossile et le charbon de bois. Dans mon atelier je travaille au <strong>charbon de bois<\/strong>. Plusieurs raisons \u00e0 cela : d&rsquo;abord pour une <strong>meilleure maitrise <\/strong>de la chauffe, ensuite pour des questions de non pollution du m\u00e9tal au cours de la chauffe,\u00a0 et de pollution des poumons. <strong>La fum\u00e9e<\/strong> d\u00e9gag\u00e9e par la combustion du charbon de bois contient des poussi\u00e8res irritantes pour les voix respiratoires si l&rsquo;on se trouve \u00e0 proximit\u00e9 mais <strong>pas de souffre<\/strong> contrairement au charbon fossile. Par soucis <strong>\u00e9cologique <\/strong>le charbon que j&rsquo;utilise est du charbon de proximit\u00e9 certifi\u00e9 fran\u00e7ais.<\/p>\n<p><strong>La chauffe <\/strong>va donner au m\u00e9tal des nuances de couleurs allant du<strong> rouge sombre <\/strong>au <strong>blanc \u00e9blouissant<\/strong>. Chaque nuance donne une <strong>mesure<\/strong> thermique. Chaque mesure autorise une forme de travail. Par exemple certaines couleurs serviront pour la <strong>trempe<\/strong> d&rsquo;outils , d&rsquo;autres pour le <strong>fa\u00e7onnage<\/strong>, d&rsquo;autres encore pour la <strong>soudure<\/strong> au feu.<\/p>\n<div id=\"attachment_448\" style=\"width: 650px\" class=\"wp-caption aligncenter\"><a href=\"https:\/\/www.artloevethierry.fr\/info\/wp-content\/uploads\/2012\/11\/couleurs-de-chauffe.jpg\"><img loading=\"lazy\" decoding=\"async\" aria-describedby=\"caption-attachment-448\" class=\"size-large wp-image-448\" title=\"couleurs de chauffe\" src=\"https:\/\/www.artloevethierry.fr\/info\/wp-content\/uploads\/2012\/11\/couleurs-de-chauffe-800x336.jpg\" alt=\"Couleurs du fer chauff\u00e9\" width=\"640\" height=\"268\" srcset=\"https:\/\/artloevethierry.fr\/info\/wp-content\/uploads\/2012\/11\/couleurs-de-chauffe-800x336.jpg 800w, https:\/\/artloevethierry.fr\/info\/wp-content\/uploads\/2012\/11\/couleurs-de-chauffe-188x79.jpg 188w\" sizes=\"auto, (max-width: 640px) 100vw, 640px\" \/><\/a><p id=\"caption-attachment-448\" class=\"wp-caption-text\">Nuances\u00a0 des couleurs de chauffe<\/p><\/div>\n<h3 style=\"text-align: center;\">L&rsquo;outillage<\/h3>\n<p><strong>Chaque op\u00e9ration<\/strong>, martelage, fa\u00e7onnage, cintrage etc. requiert un <strong>outillage sp\u00e9cifique<\/strong>. C&rsquo;est pourquoi on trouve dans chaque atelier une telle quantit\u00e9 de <strong>marteaux<\/strong> de toutes sortes ainsi que de pinces, burins , b\u00e9danes&#8230;<\/p>\n<p>M\u00eame les<strong> enclumes <\/strong>ont un outillage sp\u00e9cifiques , qui vient se loger dans les trous carr\u00e9 et rond que l&rsquo;on aper\u00e7oit\u00a0 sur la table de celle-ci. Ce sont des outils qui vont aider le forgeron comme le ferait un aide, un peu comme une<strong> troisi\u00e8me mains<\/strong>.<\/p>\n<div id=\"attachment_441\" style=\"width: 650px\" class=\"wp-caption aligncenter\"><a href=\"https:\/\/www.artloevethierry.fr\/info\/wp-content\/uploads\/2012\/11\/enclume.jpg\"><img loading=\"lazy\" decoding=\"async\" aria-describedby=\"caption-attachment-441\" class=\"size-large wp-image-441\" title=\"Enclume de serrurier\" src=\"https:\/\/www.artloevethierry.fr\/info\/wp-content\/uploads\/2012\/11\/enclume-800x600.jpg\" alt=\"Enclume de serrurier\" width=\"640\" height=\"480\" srcset=\"https:\/\/artloevethierry.fr\/info\/wp-content\/uploads\/2012\/11\/enclume-800x600.jpg 800w, https:\/\/artloevethierry.fr\/info\/wp-content\/uploads\/2012\/11\/enclume-188x141.jpg 188w, https:\/\/artloevethierry.fr\/info\/wp-content\/uploads\/2012\/11\/enclume.jpg 850w\" sizes=\"auto, (max-width: 640px) 100vw, 640px\" \/><\/a><p id=\"caption-attachment-441\" class=\"wp-caption-text\">Enclume de serrurier<\/p><\/div>\n<p><strong>La troisi\u00e8me<\/strong> cat\u00e9gorie est celle d&rsquo;outils fabriqu\u00e9s<strong> sp\u00e9cialement<\/strong> pour r\u00e9pondre aux besoins<strong> sp\u00e9cifiques<\/strong> d&rsquo;ouvrages, comme les faux rouleau pour le cintrage de volutes, ou encore des pinces ou des \u00e9tampes.<\/p>\n<p><strong>La quatri\u00e8me<\/strong> cat\u00e9gorie va \u00eatre celle des grandes <strong>machines-outils<\/strong> comme le marteau m\u00e9canique ou pneumatique ( marteau-pilon), la rouleuse, la presse, le poste \u00e0 souder, la perceuse \u00e0 colonne, le lapidaire, une grosse cisaille&#8230;<\/p>\n<div id=\"attachment_442\" style=\"width: 650px\" class=\"wp-caption aligncenter\"><a href=\"https:\/\/www.artloevethierry.fr\/info\/wp-content\/uploads\/2012\/11\/presse-\u00e0-balancier.jpg\"><img loading=\"lazy\" decoding=\"async\" aria-describedby=\"caption-attachment-442\" class=\"size-large wp-image-442\" title=\"Presse \u00e0 balancier\" src=\"https:\/\/www.artloevethierry.fr\/info\/wp-content\/uploads\/2012\/11\/presse-\u00e0-balancier-800x533.jpg\" alt=\"Presse \u00e0 balancier d'atelier\" width=\"640\" height=\"426\" srcset=\"https:\/\/artloevethierry.fr\/info\/wp-content\/uploads\/2012\/11\/presse-\u00e0-balancier-800x533.jpg 800w, https:\/\/artloevethierry.fr\/info\/wp-content\/uploads\/2012\/11\/presse-\u00e0-balancier-188x125.jpg 188w, https:\/\/artloevethierry.fr\/info\/wp-content\/uploads\/2012\/11\/presse-\u00e0-balancier.jpg 850w\" sizes=\"auto, (max-width: 640px) 100vw, 640px\" \/><\/a><p id=\"caption-attachment-442\" class=\"wp-caption-text\">Presse d&rsquo;\u00e9tampage<\/p><\/div>\n<p><strong>La cinqui\u00e8me<\/strong> cat\u00e9gorie concernera l&rsquo;outillage <strong>\u00e9lectro-portatif<\/strong>: perceuse, meuleuse d&rsquo;angle etc. Auxquels il n&rsquo;est pas interdit de rajouter de l&rsquo;outillage pour travailler d&rsquo;autres mati\u00e8res comme le bois, le verre, le plastique etc.<\/p>\n<h3 style=\"text-align: center;\">Travailler la mati\u00e8re<\/h3>\n<p><strong>La sp\u00e9cificit\u00e9<\/strong> du ferronnier par rapport au m\u00e9tallier par exemple, est de <strong>transformer la mati\u00e8re<\/strong>, par diff\u00e9rents proc\u00e9d\u00e9s, afin qu&rsquo;elle se plie aux exigences du dessin.<\/p>\n<p><strong>Pratiquement<\/strong> tous les m\u00e9taux sont <strong>mall\u00e9ables<\/strong> \u00e0 chaud. En ferronnerie d&rsquo;art ce sont principalement le <strong>fer pur<\/strong> et l&rsquo;<strong>acier doux <\/strong>qui seront utilis\u00e9s. Le forgeron les re\u00e7oit sous forme de barres de diff\u00e9rents <strong>profils<\/strong>: pleins: rond, plats, carr\u00e9, rectangle, T\u00e9, corni\u00e8re, etc. ou encore de tubes rond, carr\u00e9, rectangulaire, etc. ou de t\u00f4les (ou feuillard ) de diff\u00e9rentes dimensions et\u00a0 \u00e9paisseurs.<\/p>\n<p><strong>La maitrise<\/strong> du travail au marteau va permettre de diriger le m\u00e9tal l\u00e0 ou l&rsquo;on veut qu&rsquo;il aille. Les proc\u00e9d\u00e9s ex\u00e9cut\u00e9s au <strong>marteau seul<\/strong> sont principalement le martelage ( effets de d\u00e9cor des\u00a0 surfaces ), l&rsquo;\u00e9tirement, le refoulement, le cintrage , le pliage, la mise en plan, la r\u00e9duction de la section d&rsquo;un profil, la modification de la forme d&rsquo;un profil.<\/p>\n<p>Pour<strong> 1 marteau + 1 outil <\/strong> les proc\u00e9d\u00e9s seront : la coupe \u00e0 chaud, le per\u00e7age, l&rsquo;\u00e9tampage, le fendage ( \u00e0 chaud ou \u00e0 froid), le ciselage, la sculpture.<\/p>\n<p><strong>Le cintrage<\/strong> peut \u00eatre r\u00e9alis\u00e9 <strong>\u00e0 froid<\/strong>,\u00a0 sans marteau,\u00a0 \u00e0 l&rsquo;aide d&rsquo;outils appel\u00e9s <strong>griffes et griffons<\/strong>. Ces derniers sont coinc\u00e9 dans un \u00e9tau. Les ouvertures de ces outils seront choisies en fonction des \u00e9paisseurs des profils \u00e0 cintrer. La progression de l&rsquo;effort sur le m\u00e9tal se fait <strong>centim\u00e8tre par centim\u00e8tre.<\/strong><\/p>\n<p><strong>Le<\/strong> <strong>cintrage \u00e0 chaud <\/strong>peut s&rsquo;effectuer aussi sans marteau, en coin\u00e7ant le profil contre un gabarit dont il doit suivre la forme. C&rsquo;est une op\u00e9ration d\u00e9licate o\u00f9 l&rsquo;on ne peut progresser que par zone de chauffe peu \u00e9tendue, afin de pouvoir <strong>maitriser<\/strong> au mieux le positionnement de la barre . Ce cintrage s&rsquo;effectue soit \u00e0 la main en tirant le m\u00e9tal , soit en s&rsquo;aidant de griffes.<\/p>\n<p>Pour le <strong>fa\u00e7onnage<\/strong> de t\u00f4le \u00e0 froid, cette derni\u00e8re op\u00e9ration demande parfois un recuit.<\/p>\n<p><strong>Le recuit<\/strong> est le fait de mettre au feu un morceau de fer dont le martelage a <strong>\u00e9croui<\/strong> la structure , ce qui la rend cassante. Un fois chauff\u00e9 le m\u00e9tal retrouve sa structure interne et sa souplesse. Il\u00a0 peut\u00a0 alors \u00eatre retravaill\u00e9. Cela s&rsquo;applique au fer comme\u00a0 \u00e0 d&rsquo;autres m\u00e9taux.<\/p>\n<h3 style=\"text-align: center;\">Assembler les formes<\/h3>\n<p>Pour r\u00e9unir les pi\u00e8ces entre elles plusieurs proc\u00e9d\u00e9s sont \u00e0 la port\u00e9e du forgeron.<\/p>\n<p><strong>La soudure \u00e0 chaud <\/strong>(ou soudure au feu ), la soudure autog\u00e8ne , la soudure h\u00e9t\u00e9rog\u00e8ne, le brasage, le rivetage \u00e0 chaud et \u00e0 froid, le la\u00e7age, le collier,\u00a0 le tenon \/mortaise, le trou renfl\u00e9, le vissage ( avec le taraudage et le filage) ,\u00a0 le boulonnage, les clavettes, les cl\u00e9s,\u00a0 les goupilles, le sertissage, le pliage.<\/p>\n<p>Tous le m\u00e9taux ne font pas bon m\u00e9nage. Des effets d&rsquo;<strong>\u00e9lectrolyses <\/strong>naturelles peuvent survenir, provoquant la <strong>corrosion<\/strong> de l&rsquo;un ou l&rsquo;autre des parties voir les deux. Par exemple l&rsquo;assemblage acier doux et acier inoxydable n&rsquo;est pas recommand\u00e9.<\/p>\n<h3 style=\"text-align: center;\">Effets de surface<\/h3>\n<p><strong>Lors de la frappe<\/strong> le m\u00e9tal se d\u00e9forme et se marque. Si l&rsquo;habilet\u00e9 du forgeron tiens\u00a0 en partie dans sa maitrise des coups qu&rsquo;il donne de fa\u00e7on \u00e0 marquer la surface le moins possible lors de certains travaux, en revanche certains coups vont \u00eatre exploit\u00e9s \u00e0 des fins <strong>esth\u00e9tiques<\/strong>. Sans aller jusqu&rsquo;\u00e0 l&rsquo;\u00e9tampage, des marquages fins vont permettre de donner une <strong>vibration lumineuse<\/strong> \u00e0 la surface du m\u00e9tal.<\/p>\n","protected":false},"excerpt":{"rendered":"<p>L&rsquo;atelier La premi\u00e8re chose qui frappe lorsque l&rsquo;on entre dans un atelier de forge, c&rsquo;est l&rsquo;obscurit\u00e9 qui y r\u00e8gne. Cela n&rsquo;est pas du au hasard. L&rsquo;explication en est simple : pour travailler la mati\u00e8re le forgeron se fie aux couleurs &hellip; <a href=\"https:\/\/artloevethierry.fr\/info\/latelier-et-le-travail-du-metal\">Continuer la lecture <span class=\"meta-nav\">&rarr;<\/span><\/a><\/p>\n","protected":false},"author":2,"featured_media":0,"parent":0,"menu_order":4,"comment_status":"open","ping_status":"closed","template":"","meta":{"footnotes":""},"class_list":["post-435","page","type-page","status-publish","hentry"],"_links":{"self":[{"href":"https:\/\/artloevethierry.fr\/info\/wp-json\/wp\/v2\/pages\/435","targetHints":{"allow":["GET"]}}],"collection":[{"href":"https:\/\/artloevethierry.fr\/info\/wp-json\/wp\/v2\/pages"}],"about":[{"href":"https:\/\/artloevethierry.fr\/info\/wp-json\/wp\/v2\/types\/page"}],"author":[{"embeddable":true,"href":"https:\/\/artloevethierry.fr\/info\/wp-json\/wp\/v2\/users\/2"}],"replies":[{"embeddable":true,"href":"https:\/\/artloevethierry.fr\/info\/wp-json\/wp\/v2\/comments?post=435"}],"version-history":[{"count":14,"href":"https:\/\/artloevethierry.fr\/info\/wp-json\/wp\/v2\/pages\/435\/revisions"}],"predecessor-version":[{"id":295685,"href":"https:\/\/artloevethierry.fr\/info\/wp-json\/wp\/v2\/pages\/435\/revisions\/295685"}],"wp:attachment":[{"href":"https:\/\/artloevethierry.fr\/info\/wp-json\/wp\/v2\/media?parent=435"}],"curies":[{"name":"wp","href":"https:\/\/api.w.org\/{rel}","templated":true}]}}